{"id":239624,"date":"2021-03-15T17:55:57","date_gmt":"2021-03-15T17:55:57","guid":{"rendered":"https:\/\/jiroutek.work\/fenomen\/?page_id=239624"},"modified":"2021-06-14T18:12:30","modified_gmt":"2021-06-14T18:12:30","slug":"gallery","status":"publish","type":"page","link":"https:\/\/jiroutek.work\/fenomen\/gallery\/","title":{"rendered":"Gallery"},"content":{"rendered":"<p>[et_pb_section fb_built=&#8221;1&#8243; custom_padding_last_edited=&#8221;on|tablet&#8221; admin_label=&#8221;Galerie&#8221; _builder_version=&#8221;4.9.1&#8243; background_color=&#8221;#151515&#8243; min_height=&#8221;1527.9px&#8221; custom_padding=&#8221;200px||36px|||&#8221; custom_padding_tablet=&#8221;60px||0px||false|false&#8221; custom_padding_phone=&#8221;60px||||false|false&#8221; locked=&#8221;off&#8221;][et_pb_row custom_padding_last_edited=&#8221;on|phone&#8221; admin_label=&#8221;cyklus&#8221; _builder_version=&#8221;4.7.6&#8243; custom_padding=&#8221;0px|0px|55px|0px||&#8221; custom_padding_tablet=&#8221;60px||0px|&#8221; custom_padding_phone=&#8221;&#8221; locked=&#8221;off&#8221;][et_pb_column type=&#8221;4_4&#8243; _builder_version=&#8221;3.25&#8243; custom_padding=&#8221;|||&#8221; custom_padding__hover=&#8221;|||&#8221;][et_pb_text _builder_version=&#8221;4.9.2&#8243; text_font=&#8221;||||&#8221; text_text_color=&#8221;#1a1a1a&#8221; header_font=&#8221;|700||on|||||&#8221; header_text_align=&#8221;center&#8221; header_text_color=&#8221;#ff8c05&#8243; header_line_height=&#8221;1.3em&#8221; module_alignment=&#8221;center&#8221; custom_margin=&#8221;|||&#8221; custom_padding=&#8221;|||&#8221; animation_style=&#8221;slide&#8221; animation_direction=&#8221;top&#8221; animation_intensity_slide=&#8221;10%&#8221; header_font_size_tablet=&#8221;50px&#8221; header_font_size_phone=&#8221;35px&#8221; header_font_size_last_edited=&#8221;on|phone&#8221; locked=&#8221;off&#8221;]<\/p>\n<h1>Gallery<\/h1>\n<p>[\/et_pb_text][et_pb_divider color=&#8221;#999999&#8243; divider_position=&#8221;center&#8221; divider_weight=&#8221;3px&#8221; disabled_on=&#8221;off|off|off&#8221; _builder_version=&#8221;4.7.5&#8243; max_width=&#8221;150px&#8221; module_alignment=&#8221;center&#8221; height=&#8221;false&#8221; custom_margin=&#8221;30px|||&#8221; animation_style=&#8221;slide&#8221; animation_direction=&#8221;top&#8221; animation_delay=&#8221;100ms&#8221; animation_intensity_slide=&#8221;10%&#8221; locked=&#8221;off&#8221;][\/et_pb_divider][\/et_pb_column][\/et_pb_row][et_pb_row admin_label=&#8221;Package&#8221; _builder_version=&#8221;4.9.1&#8243; background_size=&#8221;initial&#8221; background_position=&#8221;top_left&#8221; background_repeat=&#8221;repeat&#8221; module_alignment=&#8221;center&#8221;][et_pb_column type=&#8221;4_4&#8243; _builder_version=&#8221;3.25&#8243; custom_padding=&#8221;|||&#8221; custom_padding__hover=&#8221;|||&#8221;][et_pb_text admin_label=&#8221;Package Title&#8221; _builder_version=&#8221;4.9.2&#8243; text_font=&#8221;Oswald||||&#8221; text_text_color=&#8221;#ff8c05&#8243; text_font_size=&#8221;30px&#8221; header_text_color=&#8221;#ff8c05&#8243; header_2_text_align=&#8221;center&#8221; header_2_text_color=&#8221;#ff8c05&#8243; header_2_font_size=&#8221;35px&#8221; header_2_line_height=&#8221;1.4em&#8221; header_4_font=&#8221;||||||||&#8221; header_4_text_align=&#8221;center&#8221; background_size=&#8221;initial&#8221; background_position=&#8221;top_left&#8221; background_repeat=&#8221;repeat&#8221; animation_style=&#8221;slide&#8221; animation_direction=&#8221;top&#8221; animation_intensity_slide=&#8221;10%&#8221; text_line_height_tablet=&#8221;1.8em&#8221; text_line_height_phone=&#8221;&#8221; text_line_height_last_edited=&#8221;on|phone&#8221; header_2_text_align_tablet=&#8221;center&#8221; header_2_text_align_phone=&#8221;left&#8221; header_2_text_align_last_edited=&#8221;on|phone&#8221; header_2_font_size_tablet=&#8221;30px&#8221; header_2_font_size_phone=&#8221;25px&#8221; header_2_font_size_last_edited=&#8221;on|phone&#8221;]<\/p>\n<h2>Jiri Jiroutek-the cycle of photographs Jested Phenomenon<\/h2>\n<p>[\/et_pb_text][et_pb_text admin_label=&#8221;Description&#8221; _builder_version=&#8221;4.9.2&#8243; text_font=&#8221;||||||||&#8221; text_text_color=&#8221;#999999&#8243; text_line_height=&#8221;1.8em&#8221; background_size=&#8221;initial&#8221; background_position=&#8221;top_left&#8221; background_repeat=&#8221;repeat&#8221; animation_style=&#8221;slide&#8221; animation_direction=&#8221;top&#8221; animation_delay=&#8221;100ms&#8221; animation_intensity_slide=&#8221;5%&#8221;]The file of black and white photos of Jested building details of Photographer Jiri Jiroutek who was the founder of the whole project Jested Phenomenon.[\/et_pb_text][\/et_pb_column][\/et_pb_row][et_pb_row use_custom_gutter=&#8221;on&#8221; gutter_width=&#8221;2&#8243; make_equal=&#8221;on&#8221; admin_label=&#8221;Gallery&#8221; module_class=&#8221; et_pb_row_fullwidth&#8221; _builder_version=&#8221;4.9.1&#8243; width_tablet=&#8221;80%&#8221; width_phone=&#8221;&#8221; width_last_edited=&#8221;on|phone&#8221; max_width_tablet=&#8221;100%&#8221; max_width_phone=&#8221;&#8221; max_width_last_edited=&#8221;on|desktop&#8221; module_alignment=&#8221;center&#8221; custom_margin=&#8221;35px|auto||auto|false|false&#8221; custom_margin_tablet=&#8221;20px||||false|false&#8221; custom_margin_phone=&#8221;10px||||false|false&#8221; custom_margin_last_edited=&#8221;on|phone&#8221; custom_padding=&#8221;||8px||false|false&#8221; make_fullwidth=&#8221;on&#8221; locked=&#8221;off&#8221;][et_pb_column type=&#8221;4_4&#8243; _builder_version=&#8221;4.7.4&#8243; _module_preset=&#8221;default&#8221;][et_pb_gallery gallery_ids=&#8221;239462,239461,239460,239459,239458,239457,239456,239455,239454,239453,239452&#8243; gallery_orderby=&#8221;rand&#8221; show_title_and_caption=&#8221;off&#8221; zoom_icon_color=&#8221;#ff8c05&#8243; hover_overlay_color=&#8221;rgba(255,255,255,0.6)&#8221; hover_icon=&#8221;%%47%%&#8221; module_class=&#8221;pa-image-gallery-1-1&#8243; _builder_version=&#8221;4.9.1&#8243; _module_preset=&#8221;default&#8221; caption_text_color=&#8221;rgba(0,0,0,0)&#8221; custom_padding=&#8221;||0px|||&#8221; border_color_all_image=&#8221;rgba(0,0,0,0)&#8221;][\/et_pb_gallery][\/et_pb_column][\/et_pb_row][et_pb_row admin_label=&#8221;Krest&#8221; _builder_version=&#8221;4.9.1&#8243; background_size=&#8221;initial&#8221; background_position=&#8221;top_left&#8221; background_repeat=&#8221;repeat&#8221;][et_pb_column type=&#8221;4_4&#8243; _builder_version=&#8221;3.25&#8243; custom_padding=&#8221;|||&#8221; custom_padding__hover=&#8221;|||&#8221;][et_pb_text admin_label=&#8221;Package Title&#8221; _builder_version=&#8221;4.9.2&#8243; text_font=&#8221;Oswald||||&#8221; text_text_color=&#8221;#ff8c05&#8243; text_font_size=&#8221;30px&#8221; header_text_align=&#8221;center&#8221; header_font_size=&#8221;35px&#8221; header_line_height=&#8221;1.3em&#8221; header_2_font=&#8221;||||||||&#8221; header_2_text_align=&#8221;center&#8221; header_2_font_size=&#8221;35px&#8221; header_2_line_height=&#8221;1.3em&#8221; background_size=&#8221;initial&#8221; background_position=&#8221;top_left&#8221; background_repeat=&#8221;repeat&#8221; animation_style=&#8221;slide&#8221; animation_direction=&#8221;top&#8221; animation_intensity_slide=&#8221;10%&#8221; text_line_height_tablet=&#8221;1.8em&#8221; text_line_height_phone=&#8221;&#8221; text_line_height_last_edited=&#8221;on|phone&#8221; header_text_align_tablet=&#8221;left&#8221; header_text_align_phone=&#8221;&#8221; header_text_align_last_edited=&#8221;on|phone&#8221; header_2_text_align_tablet=&#8221;center&#8221; header_2_text_align_phone=&#8221;left&#8221; header_2_text_align_last_edited=&#8221;on|tablet&#8221; header_2_font_size_tablet=&#8221;30px&#8221; header_2_font_size_phone=&#8221;25px&#8221; header_2_font_size_last_edited=&#8221;on|phone&#8221;]<\/p>\n<h2>Exhibition Jested Phenomenon in the Gallery of Jaroslav Fragner in Prague<\/h2>\n<p>[\/et_pb_text][et_pb_text admin_label=&#8221;Description&#8221; _builder_version=&#8221;4.9.2&#8243; text_font=&#8221;Roboto||||&#8221; text_text_color=&#8221;#999999&#8243; text_line_height=&#8221;1.8em&#8221; background_size=&#8221;initial&#8221; background_position=&#8221;top_left&#8221; background_repeat=&#8221;repeat&#8221; animation_direction=&#8221;left&#8221;]Exhibition Jested Phenomenon in the Gallery of Jaroslav Fragner, at the Bethlehem square in Prague. Part of the exhibition was the award Honour Czech chamber of architects 2005 to Karel Hubacek, the architect of nowadays transmitter at Jested.[\/et_pb_text][\/et_pb_column][\/et_pb_row][et_pb_row use_custom_gutter=&#8221;on&#8221; gutter_width=&#8221;2&#8243; make_equal=&#8221;on&#8221; admin_label=&#8221;Gallery&#8221; module_class=&#8221; et_pb_row_fullwidth&#8221; _builder_version=&#8221;4.9.1&#8243; width_tablet=&#8221;80%&#8221; width_phone=&#8221;&#8221; width_last_edited=&#8221;on|tablet&#8221; max_width_tablet=&#8221;100%&#8221; max_width_phone=&#8221;&#8221; max_width_last_edited=&#8221;on|desktop&#8221; module_alignment=&#8221;center&#8221; custom_margin=&#8221;35px|auto||auto|false|false&#8221; custom_margin_tablet=&#8221;20px||||false|false&#8221; custom_margin_phone=&#8221;10px||||false|false&#8221; custom_margin_last_edited=&#8221;on|phone&#8221; custom_padding=&#8221;||8px||false|false&#8221; make_fullwidth=&#8221;on&#8221; locked=&#8221;off&#8221;][et_pb_column type=&#8221;4_4&#8243; _builder_version=&#8221;4.7.4&#8243; _module_preset=&#8221;default&#8221;][et_pb_gallery gallery_ids=&#8221;239474,239469,239472,239468,239470,239473,239471&#8243; show_title_and_caption=&#8221;off&#8221; zoom_icon_color=&#8221;#ff8c05&#8243; hover_overlay_color=&#8221;rgba(255,255,255,0.6)&#8221; hover_icon=&#8221;%%47%%&#8221; _builder_version=&#8221;4.9.1&#8243; _module_preset=&#8221;default&#8221; caption_text_color=&#8221;rgba(0,0,0,0)&#8221; custom_padding=&#8221;||0px|||&#8221; border_color_all_image=&#8221;rgba(0,0,0,0)&#8221;][\/et_pb_gallery][\/et_pb_column][\/et_pb_row][et_pb_row admin_label=&#8221;Button Gallery&#8221; _builder_version=&#8221;3.25&#8243; custom_margin=&#8221;1px|auto||auto||&#8221; custom_padding=&#8221;0px|||||&#8221; locked=&#8221;off&#8221;][et_pb_column type=&#8221;4_4&#8243; _builder_version=&#8221;3.25&#8243; custom_padding=&#8221;50px|||&#8221; custom_padding__hover=&#8221;|||&#8221;][et_pb_button button_url=&#8221;https:\/\/jiroutek.work\/fenomen\/contact\/#order&#8221; button_text=&#8221;ORDER THE BOOK&#8221; button_alignment=&#8221;center&#8221; module_class=&#8221;class \u201cpa-inline-buttons&#8221; _builder_version=&#8221;4.9.4&#8243; _module_preset=&#8221;default&#8221; custom_button=&#8221;on&#8221; button_text_size=&#8221;18px&#8221; button_text_color=&#8221;#999999&#8243; custom_margin=&#8221;24px|||||&#8221; custom_margin_tablet=&#8221;20px||||false|false&#8221; custom_margin_phone=&#8221;10px||||false|false&#8221; custom_margin_last_edited=&#8221;on|phone&#8221; hover_enabled=&#8221;0&#8243; button_text_size_tablet=&#8221;&#8221; button_text_size_phone=&#8221;16px&#8221; button_text_size_last_edited=&#8221;on|phone&#8221; button_text_color__hover_enabled=&#8221;on|desktop&#8221; button_text_color__hover=&#8221;#ff8c05&#8243; button_border_color__hover_enabled=&#8221;on|hover&#8221; button_border_color__hover=&#8221;#ff8c05&#8243; sticky_enabled=&#8221;0&#8243;][\/et_pb_button][\/et_pb_column][\/et_pb_row][\/et_pb_section]<\/p>\n","protected":false},"excerpt":{"rendered":"<p>Gallery Jiri Jiroutek-the cycle of photographs Jested Phenomenon The file of black and white photos of Jested building details of Photographer Jiri Jiroutek who was the founder of the whole project Jested Phenomenon. Exhibition Jested Phenomenon in the Gallery of Jaroslav Fragner in Prague Exhibition Jested Phenomenon in the Gallery of Jaroslav Fragner, at the [&hellip;]<\/p>\n","protected":false},"author":1,"featured_media":0,"parent":0,"menu_order":0,"comment_status":"closed","ping_status":"closed","template":"","meta":{"_et_pb_use_builder":"on","_et_pb_old_content":"","_et_gb_content_width":"","footnotes":""},"yoast_head":"<!-- This site is optimized with the Yoast SEO plugin v20.13 - https:\/\/yoast.com\/wordpress\/plugins\/seo\/ -->\n<title>Gallery - Fenom\u00e9n Je\u0161t\u011bd<\/title>\n<meta name=\"robots\" content=\"index, follow, max-snippet:-1, max-image-preview:large, max-video-preview:-1\" \/>\n<link rel=\"canonical\" href=\"https:\/\/jiroutek.work\/fenomen\/gallery\/\" \/>\n<meta property=\"og:locale\" content=\"en_US\" \/>\n<meta property=\"og:type\" content=\"article\" \/>\n<meta property=\"og:title\" content=\"Gallery - Fenom\u00e9n Je\u0161t\u011bd\" \/>\n<meta property=\"og:description\" content=\"Gallery Jiri Jiroutek-the cycle of photographs Jested Phenomenon The file of black and white photos of Jested building details of Photographer Jiri Jiroutek who was the founder of the whole project Jested Phenomenon. Exhibition Jested Phenomenon in the Gallery of Jaroslav Fragner in Prague Exhibition Jested Phenomenon in the Gallery of Jaroslav Fragner, at the [&hellip;]\" \/>\n<meta property=\"og:url\" content=\"https:\/\/jiroutek.work\/fenomen\/gallery\/\" \/>\n<meta property=\"og:site_name\" content=\"Fenom\u00e9n Je\u0161t\u011bd\" \/>\n<meta property=\"article:modified_time\" content=\"2021-06-14T18:12:30+00:00\" \/>\n<meta name=\"twitter:card\" content=\"summary_large_image\" \/>\n<meta name=\"twitter:label1\" content=\"Est. reading time\" \/>\n\t<meta name=\"twitter:data1\" content=\"6 minutes\" \/>\n<script type=\"application\/ld+json\" class=\"yoast-schema-graph\">{\"@context\":\"https:\/\/schema.org\",\"@graph\":[{\"@type\":\"WebPage\",\"@id\":\"https:\/\/jiroutek.work\/fenomen\/gallery\/\",\"url\":\"https:\/\/jiroutek.work\/fenomen\/gallery\/\",\"name\":\"Gallery - Fenom\u00e9n Je\u0161t\u011bd\",\"isPartOf\":{\"@id\":\"https:\/\/jiroutek.work\/fenomen\/#website\"},\"datePublished\":\"2021-03-15T17:55:57+00:00\",\"dateModified\":\"2021-06-14T18:12:30+00:00\",\"breadcrumb\":{\"@id\":\"https:\/\/jiroutek.work\/fenomen\/gallery\/#breadcrumb\"},\"inLanguage\":\"en-US\",\"potentialAction\":[{\"@type\":\"ReadAction\",\"target\":[\"https:\/\/jiroutek.work\/fenomen\/gallery\/\"]}]},{\"@type\":\"BreadcrumbList\",\"@id\":\"https:\/\/jiroutek.work\/fenomen\/gallery\/#breadcrumb\",\"itemListElement\":[{\"@type\":\"ListItem\",\"position\":1,\"name\":\"Home\",\"item\":\"https:\/\/jiroutek.work\/fenomen\/\"},{\"@type\":\"ListItem\",\"position\":2,\"name\":\"Gallery\"}]},{\"@type\":\"WebSite\",\"@id\":\"https:\/\/jiroutek.work\/fenomen\/#website\",\"url\":\"https:\/\/jiroutek.work\/fenomen\/\",\"name\":\"Fenom\u00e9n Je\u0161t\u011bd\",\"description\":\"Projekt Fenom\u00e9n Je\u0161t\u011bd vznikl kolem roku 2000 z\u00a0obdivu k objektu Je\u0161t\u011bdu a jeho autor\u016fm.\",\"potentialAction\":[{\"@type\":\"SearchAction\",\"target\":{\"@type\":\"EntryPoint\",\"urlTemplate\":\"https:\/\/jiroutek.work\/fenomen\/?s={search_term_string}\"},\"query-input\":\"required name=search_term_string\"}],\"inLanguage\":\"en-US\"}]}<\/script>\n<!-- \/ Yoast SEO plugin. -->","yoast_head_json":{"title":"Gallery - Fenom\u00e9n Je\u0161t\u011bd","robots":{"index":"index","follow":"follow","max-snippet":"max-snippet:-1","max-image-preview":"max-image-preview:large","max-video-preview":"max-video-preview:-1"},"canonical":"https:\/\/jiroutek.work\/fenomen\/gallery\/","og_locale":"en_US","og_type":"article","og_title":"Gallery - Fenom\u00e9n Je\u0161t\u011bd","og_description":"Gallery Jiri Jiroutek-the cycle of photographs Jested Phenomenon The file of black and white photos of Jested building details of Photographer Jiri Jiroutek who was the founder of the whole project Jested Phenomenon. Exhibition Jested Phenomenon in the Gallery of Jaroslav Fragner in Prague Exhibition Jested Phenomenon in the Gallery of Jaroslav Fragner, at the [&hellip;]","og_url":"https:\/\/jiroutek.work\/fenomen\/gallery\/","og_site_name":"Fenom\u00e9n Je\u0161t\u011bd","article_modified_time":"2021-06-14T18:12:30+00:00","twitter_card":"summary_large_image","twitter_misc":{"Est. reading time":"6 minutes"},"schema":{"@context":"https:\/\/schema.org","@graph":[{"@type":"WebPage","@id":"https:\/\/jiroutek.work\/fenomen\/gallery\/","url":"https:\/\/jiroutek.work\/fenomen\/gallery\/","name":"Gallery - Fenom\u00e9n Je\u0161t\u011bd","isPartOf":{"@id":"https:\/\/jiroutek.work\/fenomen\/#website"},"datePublished":"2021-03-15T17:55:57+00:00","dateModified":"2021-06-14T18:12:30+00:00","breadcrumb":{"@id":"https:\/\/jiroutek.work\/fenomen\/gallery\/#breadcrumb"},"inLanguage":"en-US","potentialAction":[{"@type":"ReadAction","target":["https:\/\/jiroutek.work\/fenomen\/gallery\/"]}]},{"@type":"BreadcrumbList","@id":"https:\/\/jiroutek.work\/fenomen\/gallery\/#breadcrumb","itemListElement":[{"@type":"ListItem","position":1,"name":"Home","item":"https:\/\/jiroutek.work\/fenomen\/"},{"@type":"ListItem","position":2,"name":"Gallery"}]},{"@type":"WebSite","@id":"https:\/\/jiroutek.work\/fenomen\/#website","url":"https:\/\/jiroutek.work\/fenomen\/","name":"Fenom\u00e9n Je\u0161t\u011bd","description":"Projekt Fenom\u00e9n Je\u0161t\u011bd vznikl kolem roku 2000 z\u00a0obdivu k objektu Je\u0161t\u011bdu a jeho autor\u016fm.","potentialAction":[{"@type":"SearchAction","target":{"@type":"EntryPoint","urlTemplate":"https:\/\/jiroutek.work\/fenomen\/?s={search_term_string}"},"query-input":"required name=search_term_string"}],"inLanguage":"en-US"}]}},"_links":{"self":[{"href":"https:\/\/jiroutek.work\/fenomen\/wp-json\/wp\/v2\/pages\/239624"}],"collection":[{"href":"https:\/\/jiroutek.work\/fenomen\/wp-json\/wp\/v2\/pages"}],"about":[{"href":"https:\/\/jiroutek.work\/fenomen\/wp-json\/wp\/v2\/types\/page"}],"author":[{"embeddable":true,"href":"https:\/\/jiroutek.work\/fenomen\/wp-json\/wp\/v2\/users\/1"}],"replies":[{"embeddable":true,"href":"https:\/\/jiroutek.work\/fenomen\/wp-json\/wp\/v2\/comments?post=239624"}],"version-history":[{"count":6,"href":"https:\/\/jiroutek.work\/fenomen\/wp-json\/wp\/v2\/pages\/239624\/revisions"}],"predecessor-version":[{"id":240063,"href":"https:\/\/jiroutek.work\/fenomen\/wp-json\/wp\/v2\/pages\/239624\/revisions\/240063"}],"wp:attachment":[{"href":"https:\/\/jiroutek.work\/fenomen\/wp-json\/wp\/v2\/media?parent=239624"}],"curies":[{"name":"wp","href":"https:\/\/api.w.org\/{rel}","templated":true}]}}